{"id":32,"date":"2018-04-26T11:21:01","date_gmt":"2018-04-26T11:21:01","guid":{"rendered":"https:\/\/www.rheinfelder-tafel.com\/?page_id=32"},"modified":"2019-02-27T09:04:51","modified_gmt":"2019-02-27T08:04:51","slug":"startseite","status":"publish","type":"page","link":"https:\/\/www.tafel-rheinfelden.de\/","title":{"rendered":"Startseite"},"content":{"rendered":"<p><div class=\"fusion-fullwidth fullwidth-box nonhundred-percent-fullwidth non-hundred-percent-height-scrolling\"  style='background-color: #ffffff;background-position: center center;background-repeat: no-repeat;padding-top:0px;padding-right:0px;padding-bottom:0px;padding-left:0px;'><div class=\"fusion-builder-row fusion-row \"><div  class=\"fusion-layout-column fusion_builder_column fusion_builder_column_1_1  fusion-one-full fusion-column-first fusion-column-last 1_1\"  style='margin-top:0px;margin-bottom:20px;'>\n\t\t\t\t\t<div class=\"fusion-column-wrapper\" style=\"padding: 0px 0px 0px 0px;background-position:left top;background-repeat:no-repeat;-webkit-background-size:cover;-moz-background-size:cover;-o-background-size:cover;background-size:cover;\"   data-bg-url=\"\">\n\t\t\t\t\t\t<div class=\"fusion-text\"><h1><span class=\"start\">Lebensmittel retten. Menschen helfen.<\/span><\/h1>\n<h1><span class=\"start\">Einem Anderen etwas geben,<\/span><\/h1>\n<h1><span class=\"start\">ein St\u00fcck Brot, ein L\u00e4cheln, ein offenes Ohr.<\/span><\/h1>\n<h1><span class=\"start\">JETZT \u2013 nicht irgendwann<\/span><\/h1>\n<\/div><div class=\"fusion-sep-clear\"><\/div><div class=\"fusion-separator fusion-full-width-sep sep-single sep-dotted\" style=\"border-color:#e98200;border-top-width:1px;margin-left: auto;margin-right: auto;margin-top:;\"><span class=\"icon-wrapper\" style=\"border-color:#e98200;background-color:rgba(255,255,255,0);margin-top:-0.5px\"><i class=\"fa-user-friends fas\" style=\"color:#e98200;\"><\/i><\/span><\/div><div class=\"fusion-text\"><h1>Aktuelle Nachrichten<\/h1>\n<\/div><div class=\"fusion-blog-shortcode fusion-blog-shortcode-1 fusion-blog-archive fusion-blog-layout-grid-wrapper fusion-blog-infinite fusion-blog-no-images\"><style type=\"text\/css\">.fusion-blog-shortcode-1 .fusion-blog-layout-grid .fusion-post-grid{padding:20px;}.fusion-blog-shortcode-1 .fusion-posts-container{margin-left: -20px !important; margin-right:-20px !important;}<\/style><div class=\"fusion-posts-container fusion-posts-container-infinite fusion-posts-container-load-more fusion-blog-layout-grid fusion-blog-layout-grid-2 isotope\" data-pages=\"33\" data-grid-col-space=\"40\" style=\"margin: -20px -20px 0;min-height:500px;\"><article id=\"blog-1-post-683\" class=\"fusion-post-grid post-683 post type-post status-publish format-standard hentry category-aktuelles\">\n<div class=\"fusion-post-wrapper\" style=\"background-color:rgba(255,255,255,0);border:1px solid #ebeaea;border-bottom-width:3px;\"><div class=\"fusion-post-content-wrapper\" style=\"padding:30px 25px 20px 25px;\"><div class=\"fusion-post-content post-content\"><h2 class=\"blog-shortcode-post-title entry-title\"><a href=\"https:\/\/www.tafel-rheinfelden.de\/?p=683\">Ausweise nun direkt bei der Tafel Rheinfelden<\/a><\/h2><p class=\"fusion-single-line-meta\"><span class=\"vcard\" style=\"display: none;\"><span class=\"fn\"><a href=\"https:\/\/www.tafel-rheinfelden.de\/?author=3\" title=\"Beitr\u00e4ge von tafelladen\" rel=\"author\">tafelladen<\/a><\/span><\/span><span class=\"updated\" style=\"display:none;\">2026-03-11T12:26:26+01:00<\/span><span>Mittwoch, 11. M\u00e4rz 2026<\/span><span class=\"fusion-inline-sep\">|<\/span><\/p><div class=\"fusion-content-sep sep-double sep-solid\" style=\"border-color:#ebeaea;\"><\/div><div class=\"fusion-post-content-container\"><p>Sie erhalten jetzt die Tafelausweise w\u00e4hrend unserer B\u00fcrozeit Montag von <a href=\"https:\/\/www.tafel-rheinfelden.de\/?p=683\">[...]<\/a><\/p><\/div><\/div><\/div><div class=\"fusion-clearfix\"><\/div><\/div>\n<\/article>\n<article id=\"blog-1-post-680\" class=\"fusion-post-grid post-680 post type-post status-publish format-standard hentry category-aktuelles\">\n<div class=\"fusion-post-wrapper\" style=\"background-color:rgba(255,255,255,0);border:1px solid #ebeaea;border-bottom-width:3px;\"><div class=\"fusion-post-content-wrapper\" style=\"padding:30px 25px 20px 25px;\"><div class=\"fusion-post-content post-content\"><h2 class=\"blog-shortcode-post-title entry-title\"><a href=\"https:\/\/www.tafel-rheinfelden.de\/?p=680\">Neueste Infos auch auf Facebook<\/a><\/h2><p class=\"fusion-single-line-meta\"><span class=\"vcard\" style=\"display: none;\"><span class=\"fn\"><a href=\"https:\/\/www.tafel-rheinfelden.de\/?author=3\" title=\"Beitr\u00e4ge von tafelladen\" rel=\"author\">tafelladen<\/a><\/span><\/span><span class=\"updated\" style=\"display:none;\">2025-12-02T11:16:16+01:00<\/span><span>Dienstag, 2. Dezember 2025<\/span><span class=\"fusion-inline-sep\">|<\/span><\/p><div class=\"fusion-content-sep sep-double sep-solid\" style=\"border-color:#ebeaea;\"><\/div><div class=\"fusion-post-content-container\"><p>Alle Infos zur Tafel Rheinfelden nun auch auf unserer Facebook-Seite. <a href=\"https:\/\/www.tafel-rheinfelden.de\/?p=680\">[...]<\/a><\/p><\/div><\/div><\/div><div class=\"fusion-clearfix\"><\/div><\/div>\n<\/article>\n<div class=\"fusion-clearfix\"><\/div><\/div><div class=\"fusion-infinite-scroll-trigger\"><\/div><div class=\"pagination infinite-scroll clearfix\" style=\"display:none;\"><span class=\"current\">1<\/span><a href=\"https:\/\/www.tafel-rheinfelden.de\/index.php?rest_route=%2Fwp%2Fv2%2Fpages%2F32&#038;paged=2\" class=\"inactive\">2<\/a><a class=\"pagination-next\" href=\"https:\/\/www.tafel-rheinfelden.de\/index.php?rest_route=%2Fwp%2Fv2%2Fpages%2F32&#038;paged=2\"><span class=\"page-text\">Vor<\/span><span class=\"page-next\"><\/span><\/a><\/div><div class=\"fusion-clearfix\"><\/div><div class=\"fusion-load-more-button fusion-blog-button fusion-clearfix\">Load More Posts<\/div><\/div><div class=\"fusion-sep-clear\"><\/div><div class=\"fusion-separator fusion-full-width-sep sep-shadow\" style=\"background:radial-gradient(ellipse at 50% -50% , #e0dede 0px, rgba(255, 255, 255, 0) 80%) repeat scroll 0 0 rgba(0, 0, 0, 0);background:-webkit-radial-gradient(ellipse at 50% -50% , #e0dede 0px, rgba(255, 255, 255, 0) 80%) repeat scroll 0 0 rgba(0, 0, 0, 0);background:-moz-radial-gradient(ellipse at 50% -50% , #e0dede 0px, rgba(255, 255, 255, 0) 80%) repeat scroll 0 0 rgba(0, 0, 0, 0);background:-o-radial-gradient(ellipse at 50% -50% , #e0dede 0px, rgba(255, 255, 255, 0) 80%) repeat scroll 0 0 rgba(0, 0, 0, 0);margin-left: auto;margin-right: auto;margin-top:;\"><\/div><div class=\"fusion-clearfix\"><\/div>\n\n\t\t\t\t\t<\/div>\n\t\t\t\t<\/div><\/div><\/div><div class=\"fusion-fullwidth fullwidth-box nonhundred-percent-fullwidth non-hundred-percent-height-scrolling\"  style='background-color: #ffffff;background-position: center center;background-repeat: no-repeat;padding-top:0px;padding-right:0px;padding-bottom:0px;padding-left:0px;'><div class=\"fusion-builder-row fusion-row \"><div  class=\"fusion-layout-column fusion_builder_column fusion_builder_column_1_3  fusion-one-third fusion-column-first 1_3\"  style='margin-top:0px;margin-bottom:20px;width:30.6666%; margin-right: 4%;'>\n\t\t\t\t\t<div class=\"fusion-column-wrapper\" style=\"padding: 0px 0px 0px 0px;background-position:left top;background-repeat:no-repeat;-webkit-background-size:cover;-moz-background-size:cover;-o-background-size:cover;background-size:cover;\"   data-bg-url=\"\">\n\t\t\t\t\t\t<span class=\"fusion-imageframe imageframe-none imageframe-1 hover-type-none\"><img loading=\"lazy\" decoding=\"async\" src=\"https:\/\/www.tafel-rheinfelden.de\/wp-content\/uploads\/Rhf_Eberhardt-2-Portr\u00e4t.jpg\" data-src=\"https:\/\/www.rheinfelder-tafel.com\/wp-content\/uploads\/Rhf_Eberhardt-2-Portr\u00e4t-300x200.jpg\" width=\"300\" height=\"200\" alt=\"\" title=\"Rhf_Eberhardt (2 )Portr\u00e4t\" class=\"lazyload img-responsive wp-image-183\" srcset=\"data:image\/svg+xml,%3Csvg%20xmlns%3D%27http%3A%2F%2Fwww.w3.org%2F2000%2Fsvg%27%20width%3D%273543%27%20height%3D%272362%27%20viewBox%3D%270%200%203543%202362%27%3E%3Crect%20width%3D%273543%27%20height%3D%2732362%27%20fill-opacity%3D%220%22%2F%3E%3C%2Fsvg%3E\" data-srcset=\"https:\/\/www.tafel-rheinfelden.de\/wp-content\/uploads\/Rhf_Eberhardt-2-Portr\u00e4t-200x133.jpg 200w, https:\/\/www.tafel-rheinfelden.de\/wp-content\/uploads\/Rhf_Eberhardt-2-Portr\u00e4t-400x267.jpg 400w, https:\/\/www.tafel-rheinfelden.de\/wp-content\/uploads\/Rhf_Eberhardt-2-Portr\u00e4t-600x400.jpg 600w, https:\/\/www.tafel-rheinfelden.de\/wp-content\/uploads\/Rhf_Eberhardt-2-Portr\u00e4t-800x533.jpg 800w, https:\/\/www.tafel-rheinfelden.de\/wp-content\/uploads\/Rhf_Eberhardt-2-Portr\u00e4t-1200x800.jpg 1200w, https:\/\/www.tafel-rheinfelden.de\/wp-content\/uploads\/Rhf_Eberhardt-2-Portr\u00e4t.jpg 3543w\" data-sizes=\"auto\" data-orig-sizes=\"auto, (max-width: 800px) 100vw, 400px\" \/><\/span><div class=\"fusion-text\"><p>Klaus Eberhardt, Oberb\u00fcrgermeister<\/p>\n<\/div><div class=\"fusion-clearfix\"><\/div>\n\n\t\t\t\t\t<\/div>\n\t\t\t\t<\/div><div  class=\"fusion-layout-column fusion_builder_column fusion_builder_column_2_3  fusion-two-third fusion-column-last 2_3\"  style='margin-top:0px;margin-bottom:20px;width:65.3333%'>\n\t\t\t\t\t<div class=\"fusion-column-wrapper\" style=\"padding: 0px 0px 0px 0px;background-position:left top;background-repeat:no-repeat;-webkit-background-size:cover;-moz-background-size:cover;-o-background-size:cover;background-size:cover;\"   data-bg-url=\"\">\n\t\t\t\t\t\t<div class=\"fusion-text\"><p>Auch in einem reichen Land wie Deutschland darf die Gesellschaft nicht die Augen davor verschlie\u00dfen, dass es schwierige Lebensumst\u00e4nde und Armut gibt. Der Sozialstaat kann viele Herausforderungen nicht l\u00e4nger alleine bew\u00e4ltigen und es ist n\u00f6tig, dass die B\u00fcrgergesellschaft und die Wirtschaft dort einspringen und sich gemeinsam engagieren. Mit der Rheinfelder Tafel e. V. ist dies in vorbildlicher Weise geschehen. Die Einen geben \u00fcbersch\u00fcssige Nahrungsmittel und die Anderen geben ihre Freizeit zum Wohle und zur Unterst\u00fctzung von bed\u00fcrftigen Menschen. Die Rheinfelder Tafel und ihre Partner sorgen damit f\u00fcr einen gerechten Ausgleich in unserer Gesellschaft. Die Rheinfelder Tafel geh\u00f6rt zu den \u00fcber 900 Tafeln, die es bundesweit gibt und ist eine der wertvollen Br\u00fccken zwischen \u00dcberfluss und Mangel. Mich beeindruckt dabei am meisten das gro\u00dfe freiwillige Engagement zugunsten der benachteiligten Menschen. Die ehrenamtlichen Helfer\/innen verdienen unser ganzer Respekt und unsere Anerkennung. F\u00fcr die Stadtverwaltung ist es eine Selbstverst\u00e4ndlichkeit, dass sie die Rheinfelder Tafel in allen Belangen unterst\u00fctzt. Ich empfinde es als eine besondere Ehre, dass ich die Schirmherrschaft f\u00fcr die Rheinfelder Tafel \u00fcbernehmen darf. Anschlie\u00dfend m\u00f6chte ich im Namen der Verwaltung und des Gemeinderats allen ehrenamtlichen Helferinnen und Helfern der Rheinfelder Tafel sowie Ihren Partnern f\u00fcr dieses besondere Engagement danken.<\/p>\n<\/div><div class=\"fusion-clearfix\"><\/div>\n\n\t\t\t\t\t<\/div>\n\t\t\t\t<\/div><\/div><\/div><div class=\"fusion-fullwidth fullwidth-box nonhundred-percent-fullwidth non-hundred-percent-height-scrolling\"  style='background-color: #ffffff;background-position: center center;background-repeat: no-repeat;padding-top:0px;padding-right:0px;padding-bottom:0px;padding-left:0px;'><div class=\"fusion-builder-row fusion-row \"><div  class=\"fusion-layout-column fusion_builder_column fusion_builder_column_1_1  fusion-one-full fusion-column-first fusion-column-last 1_1\"  style='margin-top:0px;margin-bottom:20px;width:100%'>\n\t\t\t\t\t<div class=\"fusion-column-wrapper\" style=\"padding: 0px 0px 0px 0px;background-position:left top;background-repeat:no-repeat;-webkit-background-size:cover;-moz-background-size:cover;-o-background-size:cover;background-size:cover;\"   data-bg-url=\"\">\n\t\t\t\t\t\t<div class=\"fusion-sep-clear\"><\/div><div class=\"fusion-separator fusion-full-width-sep sep-double sep-solid\" style=\"border-color:#e98200;border-top-width:1px;border-bottom-width:1px;margin-left: auto;margin-right: auto;margin-top:;\"><\/div><div class=\"fusion-clearfix\"><\/div>\n\n\t\t\t\t\t<\/div>\n\t\t\t\t<\/div><\/div><\/div><\/p>\n","protected":false},"excerpt":{"rendered":"","protected":false},"author":1,"featured_media":0,"parent":0,"menu_order":0,"comment_status":"closed","ping_status":"closed","template":"","meta":{"footnotes":""},"class_list":["post-32","page","type-page","status-publish","hentry"],"_links":{"self":[{"href":"https:\/\/www.tafel-rheinfelden.de\/index.php?rest_route=\/wp\/v2\/pages\/32","targetHints":{"allow":["GET"]}}],"collection":[{"href":"https:\/\/www.tafel-rheinfelden.de\/index.php?rest_route=\/wp\/v2\/pages"}],"about":[{"href":"https:\/\/www.tafel-rheinfelden.de\/index.php?rest_route=\/wp\/v2\/types\/page"}],"author":[{"embeddable":true,"href":"https:\/\/www.tafel-rheinfelden.de\/index.php?rest_route=\/wp\/v2\/users\/1"}],"replies":[{"embeddable":true,"href":"https:\/\/www.tafel-rheinfelden.de\/index.php?rest_route=%2Fwp%2Fv2%2Fcomments&post=32"}],"version-history":[{"count":51,"href":"https:\/\/www.tafel-rheinfelden.de\/index.php?rest_route=\/wp\/v2\/pages\/32\/revisions"}],"predecessor-version":[{"id":426,"href":"https:\/\/www.tafel-rheinfelden.de\/index.php?rest_route=\/wp\/v2\/pages\/32\/revisions\/426"}],"wp:attachment":[{"href":"https:\/\/www.tafel-rheinfelden.de\/index.php?rest_route=%2Fwp%2Fv2%2Fmedia&parent=32"}],"curies":[{"name":"wp","href":"https:\/\/api.w.org\/{rel}","templated":true}]}}