{"id":4,"date":"2018-04-26T09:30:48","date_gmt":"2018-04-26T09:30:48","guid":{"rendered":"https:\/\/www.rheinfelder-tafel.com\/?page_id=4"},"modified":"2021-04-09T11:42:07","modified_gmt":"2021-04-09T09:42:07","slug":"ueber-uns","status":"publish","type":"page","link":"https:\/\/www.tafel-rheinfelden.de\/?page_id=4","title":{"rendered":"\u00dcber uns"},"content":{"rendered":"<p><div class=\"fusion-fullwidth fullwidth-box nonhundred-percent-fullwidth non-hundred-percent-height-scrolling\"  style='background-color: #ffffff;background-position: center center;background-repeat: no-repeat;padding-top:0px;padding-right:0px;padding-bottom:0px;padding-left:0px;'><div class=\"fusion-builder-row fusion-row \"><div  class=\"fusion-layout-column fusion_builder_column fusion_builder_column_1_1  fusion-one-full fusion-column-first fusion-column-last 1_1\"  style='margin-top:0px;margin-bottom:20px;'>\n\t\t\t\t\t<div class=\"fusion-column-wrapper\" style=\"padding: 0px 0px 0px 0px;background-position:left top;background-repeat:no-repeat;-webkit-background-size:cover;-moz-background-size:cover;-o-background-size:cover;background-size:cover;\"   data-bg-url=\"\">\n\t\t\t\t\t\t<div class=\"fusion-title title fusion-sep-none fusion-title-size-one\" style=\"margin-top:12px;margin-bottom:36px;\"><h1 class=\"title-heading-left\">\u00dcber uns<\/h1><\/div><div class=\"fusion-clearfix\"><\/div>\n\n\t\t\t\t\t<\/div>\n\t\t\t\t<\/div><\/div><\/div><div class=\"fusion-fullwidth fullwidth-box nonhundred-percent-fullwidth non-hundred-percent-height-scrolling\"  style='background-color: #ffffff;background-position: center center;background-repeat: no-repeat;padding-top:0px;padding-right:0px;padding-bottom:0px;padding-left:0px;'><div class=\"fusion-builder-row fusion-row \"><div  class=\"fusion-layout-column fusion_builder_column fusion_builder_column_1_2  fusion-one-half fusion-column-first 1_2\"  style='margin-top:0px;margin-bottom:20px;width:50%;width:calc(50% - ( ( 4% ) * 0.5 ) );margin-right: 4%;'>\n\t\t\t\t\t<div class=\"fusion-column-wrapper\" style=\"padding: 0px 0px 0px 0px;background-position:left top;background-repeat:no-repeat;-webkit-background-size:cover;-moz-background-size:cover;-o-background-size:cover;background-size:cover;\"   data-bg-url=\"\">\n\t\t\t\t\t\t<div class=\"fusion-text\"><h3><strong>Rheinfelder Tafel e.V.<\/strong><\/h3>\n<p>Der Zweck des im November 2004 gegr\u00fcndeten Vereins ist das Verteilen \u00fcberz\u00e4hliger Lebensmittel an Menschen in Notlagen.<\/p>\n<p>Die Rheinfelder Tafel sammelt diese Lebensmittel ein und gibt sie gegen ein geringes Entgelt, in der Regel 10 \u2013 20 % des urspr\u00fcnglichen Warenwertes weiter.<\/p>\n<p><strong>Der erste Tafelladen wurde im Juni 2005 in der Nollinger Stra\u00dfe 7 er\u00f6ffnet.<\/strong><\/p>\n<p><img loading=\"lazy\" decoding=\"async\" class=\"lazyload alignnone size-medium wp-image-256\" src=\"https:\/\/www.rheinfelder-tafel.com\/wp-content\/uploads\/laden-1-300x225.png\" data-src=\"https:\/\/www.rheinfelder-tafel.com\/wp-content\/uploads\/laden-1-300x225.png\" alt=\"\" width=\"300\" height=\"225\" srcset=\"data:image\/svg+xml,%3Csvg%20xmlns%3D%27http%3A%2F%2Fwww.w3.org%2F2000%2Fsvg%27%20width%3D%27300%27%20height%3D%27225%27%20viewBox%3D%270%200%20300%20225%27%3E%3Crect%20width%3D%27300%27%20height%3D%273225%27%20fill-opacity%3D%220%22%2F%3E%3C%2Fsvg%3E\" data-srcset=\"https:\/\/www.tafel-rheinfelden.de\/wp-content\/uploads\/laden-1-200x150.png 200w, https:\/\/www.tafel-rheinfelden.de\/wp-content\/uploads\/laden-1-300x225.png 300w, https:\/\/www.tafel-rheinfelden.de\/wp-content\/uploads\/laden-1-400x300.png 400w, https:\/\/www.tafel-rheinfelden.de\/wp-content\/uploads\/laden-1-600x450.png 600w, https:\/\/www.tafel-rheinfelden.de\/wp-content\/uploads\/laden-1-768x576.png 768w, https:\/\/www.tafel-rheinfelden.de\/wp-content\/uploads\/laden-1.png 800w\" data-sizes=\"auto\" data-orig-sizes=\"auto, (max-width: 300px) 100vw, 300px\" \/><\/p>\n<p><strong>Die Er\u00f6ffnung des zweiten &#8211; und aktuellen &#8211; Tafelladens in der Friedrichstra\u00dfe 6 fand im Juli 2017 statt.<\/strong><\/p>\n<p><img loading=\"lazy\" decoding=\"async\" class=\"lazyload alignnone size-medium wp-image-260\" src=\"https:\/\/www.rheinfelder-tafel.com\/wp-content\/uploads\/i_slid1-300x225.png\" data-src=\"https:\/\/www.rheinfelder-tafel.com\/wp-content\/uploads\/i_slid1-300x225.png\" alt=\"\" width=\"300\" height=\"225\" srcset=\"data:image\/svg+xml,%3Csvg%20xmlns%3D%27http%3A%2F%2Fwww.w3.org%2F2000%2Fsvg%27%20width%3D%27300%27%20height%3D%27225%27%20viewBox%3D%270%200%20300%20225%27%3E%3Crect%20width%3D%27300%27%20height%3D%273225%27%20fill-opacity%3D%220%22%2F%3E%3C%2Fsvg%3E\" data-srcset=\"https:\/\/www.tafel-rheinfelden.de\/wp-content\/uploads\/i_slid1-200x150.png 200w, https:\/\/www.tafel-rheinfelden.de\/wp-content\/uploads\/i_slid1-300x225.png 300w, https:\/\/www.tafel-rheinfelden.de\/wp-content\/uploads\/i_slid1-400x300.png 400w, https:\/\/www.tafel-rheinfelden.de\/wp-content\/uploads\/i_slid1-600x450.png 600w, https:\/\/www.tafel-rheinfelden.de\/wp-content\/uploads\/i_slid1-768x576.png 768w, https:\/\/www.tafel-rheinfelden.de\/wp-content\/uploads\/i_slid1-800x600.png 800w, https:\/\/www.tafel-rheinfelden.de\/wp-content\/uploads\/i_slid1-1024x768.png 1024w, https:\/\/www.tafel-rheinfelden.de\/wp-content\/uploads\/i_slid1-1200x900.png 1200w, https:\/\/www.tafel-rheinfelden.de\/wp-content\/uploads\/i_slid1.png 1920w\" data-sizes=\"auto\" data-orig-sizes=\"auto, (max-width: 300px) 100vw, 300px\" \/><\/p>\n<p>Im Fr\u00fchjahr 2018 wurde das Geb\u00e4ude des ersten Tafelladens abgerissen.<\/p>\n<p><img loading=\"lazy\" decoding=\"async\" class=\"lazyload alignnone size-medium wp-image-255\" src=\"https:\/\/www.rheinfelder-tafel.com\/wp-content\/uploads\/abriss-300x225.png\" data-src=\"https:\/\/www.rheinfelder-tafel.com\/wp-content\/uploads\/abriss-300x225.png\" alt=\"\" width=\"300\" height=\"225\" srcset=\"data:image\/svg+xml,%3Csvg%20xmlns%3D%27http%3A%2F%2Fwww.w3.org%2F2000%2Fsvg%27%20width%3D%27300%27%20height%3D%27225%27%20viewBox%3D%270%200%20300%20225%27%3E%3Crect%20width%3D%27300%27%20height%3D%273225%27%20fill-opacity%3D%220%22%2F%3E%3C%2Fsvg%3E\" data-srcset=\"https:\/\/www.tafel-rheinfelden.de\/wp-content\/uploads\/abriss-200x150.png 200w, https:\/\/www.tafel-rheinfelden.de\/wp-content\/uploads\/abriss-300x225.png 300w, https:\/\/www.tafel-rheinfelden.de\/wp-content\/uploads\/abriss-400x300.png 400w, https:\/\/www.tafel-rheinfelden.de\/wp-content\/uploads\/abriss-600x450.png 600w, https:\/\/www.tafel-rheinfelden.de\/wp-content\/uploads\/abriss-768x576.png 768w, https:\/\/www.tafel-rheinfelden.de\/wp-content\/uploads\/abriss.png 800w\" data-sizes=\"auto\" data-orig-sizes=\"auto, (max-width: 300px) 100vw, 300px\" \/><\/p>\n<\/div><div class=\"fusion-clearfix\"><\/div>\n\n\t\t\t\t\t<\/div>\n\t\t\t\t<\/div><div  class=\"fusion-layout-column fusion_builder_column fusion_builder_column_1_2  fusion-one-half fusion-column-last 1_2\"  style='margin-top:0px;margin-bottom:20px;width:50%;width:calc(50% - ( ( 4% ) * 0.5 ) );'>\n\t\t\t\t\t<div class=\"fusion-column-wrapper\" style=\"padding: 0px 0px 0px 0px;background-position:left top;background-repeat:no-repeat;-webkit-background-size:cover;-moz-background-size:cover;-o-background-size:cover;background-size:cover;\"   data-bg-url=\"\">\n\t\t\t\t\t\t<div class=\"fusion-text\"><h3><strong>Das Tafelprinzip &#8211; So funktioniert es<\/strong><\/h3>\n<p>Die Idee, die hinter der Tafelidee steckt, ist bestechend einfach.\u00a0Nicht alle Menschen haben ihr t\u00e4glich Brot \u2013 und dennoch gibt es Lebensmittel im \u00dcberfluss.<\/p>\n<p>Auf der einen Seite gibt es Lebensmittel, die im Wirtschaftsprozess nicht mehr verwendet werden k\u00f6nnen, aber qualitativ noch einwandfrei sind.<\/p>\n<p>Auf der anderen Seite gibt es Bed\u00fcrftige, die diese Lebensmittelhilfe gebrauchen k\u00f6nnen.<\/p>\n<p>Die Tafeln sind die Br\u00fccke zwischen Armut und \u00dcberfluss und bem\u00fchen sich mit ehrenamtlichen Helfern f\u00fcr einen Ausgleich. Die Tafeln helfen so diesen Menschen eine schwierige Zeit zu \u00fcberbr\u00fccken und geben ihnen dadurch Motivation f\u00fcr die Zukunft.<\/p>\n<\/div><div class=\"fusion-sep-clear\"><\/div><div class=\"fusion-separator fusion-full-width-sep sep-single sep-solid\" style=\"border-color:#e0dede;border-top-width:1px;margin-left: auto;margin-right: auto;margin-top:;\"><\/div><div class=\"fusion-title title fusion-title-size-one\" style=\"margin-top:24px;margin-bottom:31px;\"><h1 class=\"title-heading-left\">Kontaktformular<\/h1><div class=\"title-sep-container\"><div class=\"title-sep sep-double sep-solid\" style=\"border-color:#e0dede;\"><\/div><\/div><\/div><div class=\"fusion-text\">\n<div class=\"wpcf7 no-js\" id=\"wpcf7-f320-o1\" lang=\"de-DE\" dir=\"ltr\" data-wpcf7-id=\"320\">\n<div class=\"screen-reader-response\"><p role=\"status\" aria-live=\"polite\" aria-atomic=\"true\"><\/p> <ul><\/ul><\/div>\n<form action=\"\/index.php?rest_route=%2Fwp%2Fv2%2Fpages%2F4#wpcf7-f320-o1\" method=\"post\" class=\"wpcf7-form init\" aria-label=\"Kontaktformular\" novalidate=\"novalidate\" data-status=\"init\">\n<fieldset class=\"hidden-fields-container\"><input type=\"hidden\" name=\"_wpcf7\" value=\"320\" \/><input type=\"hidden\" name=\"_wpcf7_version\" value=\"6.1.5\" \/><input type=\"hidden\" name=\"_wpcf7_locale\" value=\"de_DE\" \/><input type=\"hidden\" name=\"_wpcf7_unit_tag\" value=\"wpcf7-f320-o1\" \/><input type=\"hidden\" name=\"_wpcf7_container_post\" value=\"0\" \/><input type=\"hidden\" name=\"_wpcf7_posted_data_hash\" value=\"\" \/>\n<\/fieldset>\n<p><label> Name<br \/>\n<span class=\"wpcf7-form-control-wrap\" data-name=\"your-name\"><input size=\"40\" maxlength=\"400\" class=\"wpcf7-form-control wpcf7-text\" aria-invalid=\"false\" value=\"\" type=\"text\" name=\"your-name\" \/><\/span> <\/label>\n<\/p>\n<p><label> E-Mail-Adresse (Pflichtfeld)<br \/>\n<span class=\"wpcf7-form-control-wrap\" data-name=\"your-email\"><input size=\"40\" maxlength=\"400\" class=\"wpcf7-form-control wpcf7-email wpcf7-validates-as-required wpcf7-text wpcf7-validates-as-email\" aria-required=\"true\" aria-invalid=\"false\" value=\"\" type=\"email\" name=\"your-email\" \/><\/span> <\/label>\n<\/p>\n<p><label> Betreff<br \/>\n<span class=\"wpcf7-form-control-wrap\" data-name=\"your-subject\"><input size=\"40\" maxlength=\"400\" class=\"wpcf7-form-control wpcf7-text\" aria-invalid=\"false\" value=\"\" type=\"text\" name=\"your-subject\" \/><\/span> <\/label>\n<\/p>\n<p><label> Deine Nachricht<br \/>\n<span class=\"wpcf7-form-control-wrap\" data-name=\"your-message\"><textarea cols=\"40\" rows=\"10\" maxlength=\"2000\" class=\"wpcf7-form-control wpcf7-textarea\" aria-invalid=\"false\" name=\"your-message\"><\/textarea><\/span> <\/label>\n<\/p>\n<p><label><span class=\"wpcf7-form-control-wrap\" data-name=\"acceptance-276\"><span class=\"wpcf7-form-control wpcf7-acceptance\"><span class=\"wpcf7-list-item\"><input type=\"checkbox\" name=\"acceptance-276\" value=\"1\" aria-invalid=\"false\" \/><\/span><\/span><\/span> Ich stimme zu, dass meine Angaben aus dem Kontaktformular zur Beantwortung meiner Anfrage erhoben und verarbeitet werden. Sie k\u00f6nnen Ihre Einwilligung jederzeit f\u00fcr die Zukunft per E-Mail an info@tafel-rheinfelden.de widerrufen. Detaillierte Informationen zum Umgang mit Nutzerdaten finden Sie in unserer Datenschutzerkl\u00e4rung.<br \/>\n<\/label>\n<\/p>\n<p><input class=\"wpcf7-form-control wpcf7-submit has-spinner\" type=\"submit\" value=\"Senden\" \/>\n<\/p><div class=\"fusion-alert alert custom alert-custom fusion-alert-center fusion-alert-capitalize alert-dismissable wpcf7-response-output\" style=\"border-width:1px;\"><button style=\"color:;border-color:;\" type=\"button\" class=\"close toggle-alert\" data-dismiss=\"alert\" aria-hidden=\"true\">&times;<\/button><div class=\"fusion-alert-content-wrapper\"><span class=\"fusion-alert-content\"><\/span><\/div><\/div>\n<\/form>\n<\/div>\n\n<\/div><div class=\"fusion-clearfix\"><\/div>\n\n\t\t\t\t\t<\/div>\n\t\t\t\t<\/div><\/div><\/div><\/p>\n","protected":false},"excerpt":{"rendered":"","protected":false},"author":1,"featured_media":0,"parent":0,"menu_order":0,"comment_status":"closed","ping_status":"closed","template":"","meta":{"footnotes":""},"class_list":["post-4","page","type-page","status-publish","hentry"],"_links":{"self":[{"href":"https:\/\/www.tafel-rheinfelden.de\/index.php?rest_route=\/wp\/v2\/pages\/4","targetHints":{"allow":["GET"]}}],"collection":[{"href":"https:\/\/www.tafel-rheinfelden.de\/index.php?rest_route=\/wp\/v2\/pages"}],"about":[{"href":"https:\/\/www.tafel-rheinfelden.de\/index.php?rest_route=\/wp\/v2\/types\/page"}],"author":[{"embeddable":true,"href":"https:\/\/www.tafel-rheinfelden.de\/index.php?rest_route=\/wp\/v2\/users\/1"}],"replies":[{"embeddable":true,"href":"https:\/\/www.tafel-rheinfelden.de\/index.php?rest_route=%2Fwp%2Fv2%2Fcomments&post=4"}],"version-history":[{"count":19,"href":"https:\/\/www.tafel-rheinfelden.de\/index.php?rest_route=\/wp\/v2\/pages\/4\/revisions"}],"predecessor-version":[{"id":521,"href":"https:\/\/www.tafel-rheinfelden.de\/index.php?rest_route=\/wp\/v2\/pages\/4\/revisions\/521"}],"wp:attachment":[{"href":"https:\/\/www.tafel-rheinfelden.de\/index.php?rest_route=%2Fwp%2Fv2%2Fmedia&parent=4"}],"curies":[{"name":"wp","href":"https:\/\/api.w.org\/{rel}","templated":true}]}}