{"id":47,"date":"2018-05-18T08:30:25","date_gmt":"2018-05-18T08:30:25","guid":{"rendered":"https:\/\/www.rheinfelder-tafel.com\/?page_id=47"},"modified":"2021-06-23T09:35:12","modified_gmt":"2021-06-23T07:35:12","slug":"__trashed","status":"publish","type":"page","link":"https:\/\/www.tafel-rheinfelden.de\/?page_id=47","title":{"rendered":"Datenschutzerkl\u00e4rung"},"content":{"rendered":"<div class=\"fusion-fullwidth fullwidth-box nonhundred-percent-fullwidth non-hundred-percent-height-scrolling\"  style='background-color: #ffffff;background-position: center center;background-repeat: no-repeat;padding-top:0px;padding-right:0px;padding-bottom:0px;padding-left:0px;'><div class=\"fusion-builder-row fusion-row \"><div  class=\"fusion-layout-column fusion_builder_column fusion_builder_column_1_1  fusion-one-full fusion-column-first fusion-column-last 1_1\"  style='margin-top:0px;margin-bottom:20px;'>\n\t\t\t\t\t<div class=\"fusion-column-wrapper\" style=\"padding: 0px 0px 0px 0px;background-position:left top;background-repeat:no-repeat;-webkit-background-size:cover;-moz-background-size:cover;-o-background-size:cover;background-size:cover;\"   data-bg-url=\"\">\n\t\t\t\t\t\t<div class=\"fusion-text\"><h1>Datenschutzerkl\u00e4rung<\/h1>\n<\/div><div class=\"fusion-text\"><p>Der Schutz Ihrer personenbezogenen Daten ist uns wichtig. Wir wollen Sie dar\u00fcber informieren, zu welchem Zweck wir Daten erheben, speichern oder weiterleiten. Und welche Rechte Sie beim Datenschutz haben. Im Folgenden informieren wir Sie \u00fcber die Erhebung personenbezogener Daten bei Nutzung unseren Webseiten.<\/p>\n<p>1. VERANTWORTLICHKEIT F\u00dcR DIE DATENVERARBEITUNG<\/p>\n<p>Verantwortlich f\u00fcr die Datenverarbeitung ist:<\/p>\n<p>Tafel Rheinfelden e.V.<br \/>\nVorsitz: Klaus Jost<br \/>\nFriedrichstra\u00dfe 6a<br \/>\n79618 Rheinfelden<br \/>\nEmail:<a href=\"mailto:info@tafel-rheinfelden.de\"> info@tafel-rheinfelden.de<\/a><br \/>\nEingetragen beim Amtsgericht Freiburg<\/p>\n<p>2. ZWECK DER DATENVERARBEITUNG<\/p>\n<p>Beim Besuch unserer Website, wenn Sie uns nicht anderweitig Informationen \u00fcbermitteln, erheben wir nur die personenbezogenen Daten, die Ihr Browser an unseren Server \u00fcbermittelt. Diese Informationen werden tempor\u00e4r in einem sog. Logfile gespeichert. Folgende Informationen werden dabei ohne Ihr Zutun erfasst und bis zur automatisierten L\u00f6schung gespeichert:<\/p>\n<ul>\n<li>IP-Adresse<\/li>\n<li>Datum und Uhrzeit der Anfrage<\/li>\n<li>Zeitzonendifferenz zur koordinierten Weltzeit (UTC)<\/li>\n<li>vom Webbrowser \u00fcbermittelte Anforderung, bestehend aus Anforderungsmethode (z.B. GET), angeforderter Seite oder Ressource, Protokollversion (z.B. HTTP\/1.1)<\/li>\n<li>Zugriffsstatus\/HTTP-Statuscode (z.B. 404 f\u00fcr \u201eSeite nicht gefunden\u201c)<\/li>\n<li>jeweils \u00fcbertragene Datenmenge<\/li>\n<li>Seite, von der aus die aktuell angezeigte Seite aufgerufen wurde bzw. die Ressource eingebunden wurde (sofern Ihr Webbrowser diese Information \u00fcbermittelt<\/li>\n<li>Browserkennung, bestehend aus Name, Hersteller, Version und Sprache Ihrer Browsersoftware, sowie Betriebssystem und dessen Version (sofern Ihr Webbrowser diese Informationen \u00fcbermittelt)<\/li>\n<\/ul>\n<p>Die genannten Daten werden zu dem Zweck erhoben, Ihnen unsere Website anzuzeigen sowie Stabilit\u00e4t und Sicherheit zu gew\u00e4hrleisten. Rechtsgrundlage ist Art. 6 Abs. 1 Buchst. f DSGVO. Unser berechtigtes Interesse folgt aus dem erw\u00e4hnten Zweck der Datenerhebung.<\/p>\n<p>Bei der Nutzung unserer Kontaktseite werden die von Ihnen angegebenen Informationen, sowie ihre IP-Adresse und der Sendezeitpunkt gespeichert:<\/p>\n<p>Die genannten Daten werden zu dem Zweck erhoben, die Anfrage Ihnen zuzuordnen und diese zu beantworten und Ihren Auftrag zu erf\u00fcllen. Rechtsgrundlage ist Art. 6 Abs. 1 Buchst. a, b, c und f DSGVO.<\/p>\n<p>3. COOKIES<\/p>\n<p>Soweit wir Cookies einsetzen werden Sie beim Aufruf unserer Website durch einen Infobanner \u00fcber die Verwendung von Cookies zu Analysezwecken informiert und auf diese Datenschutzerkl\u00e4rung verwiesen. Sie k\u00f6nnen die Speicherung von Cookies \u00fcber Ihre Browsereinstellungen unterbinden, wenn Sie dies w\u00fcnschen.<\/p>\n<p>Zus\u00e4tzlich zu den zuvor genannten Daten werden bei Ihrer Nutzung unserer Website Cookies auf Ihrem Rechner gespeichert. Bei Cookies handelt es sich um kleine Textdateien, die auf Ihrer Festplatte dem von Ihnen verwendeten Browser zugeordnet gespeichert werden und durch welche der Stelle, die den Cookie setzt (hier durch uns), bestimmte Informationen zuflie\u00dfen. Sie enthalten Informationen zum Browser, zur IP-Adresse, dem Betriebssystem und zur Internetverbindung. Cookies k\u00f6nnen keine Programme ausf\u00fchren oder Viren auf Ihren Computer \u00fcbertragen. Sie dienen dazu, das Internetangebot insgesamt nutzerfreundlicher und effektiver zu machen. Diese Daten werden von uns nicht an Dritte weitergegeben oder ohne ihre Zustimmung mit personenbezogenen Daten verkn\u00fcpft.<\/p>\n<p>Cookies erf\u00fcllen vor allem zwei Aufgaben. Sie helfen uns, Ihnen die Navigation durch unser Angebot zu erleichtern, und erm\u00f6glichen die korrekte Darstellung der Webseite. Sie werden nicht dazu genutzt, Viren einzuschleusen oder Programme zu starten.<\/p>\n<p>Nutzer haben die M\u00f6glichkeit, unser Angebot auch ohne Cookies aufzurufen. Dazu m\u00fcssen im Browser die entsprechenden Einstellungen ge\u00e4ndert werden. Informieren Sie sich bitte \u00fcber die Hilfsfunktion Ihres Browsers, wie Cookies deaktiviert werden. Wir weisen allerdings darauf hin, dass dadurch einige Funktionen dieser Webseite m\u00f6glicherweise beeintr\u00e4chtigt werden und der Nutzungskomfort eingeschr\u00e4nkt wird.<\/p>\n<p>4. EMPF\u00c4NGER IHRER DATEN<\/p>\n<p>Wir \u00fcbermitteln Ihre personenbezogenen Daten nur dann an Dritte, wenn dies gesetzlich erlaubt ist, oder Sie eingewilligt haben.<\/p>\n<p>5 . AUFBEWAHRUNG<\/p>\n<p>Logdateien der Webseite werden nach einigen Tagen gel\u00f6scht. Daten zu Anfragen speichern wir entsprechend den gesetzlichen Vorschriften.<\/p>\n<p>6 . IHRE RECHTE<\/p>\n<p>Sie haben das Recht, \u00fcber die Sie betreffenden personenbezogenen Daten Auskunft zu erhalten. Auch k\u00f6nnen Sie die Berichtigung unrichtiger Daten verlangen.<\/p>\n<p>Dar\u00fcber hinaus steht Ihnen unter bestimmten Voraussetzungen das Recht auf L\u00f6schung von Daten, das Recht auf Einschr\u00e4nkung der Datenverarbeitung sowie das Recht auf Daten\u00fcbertragbarkeit zu.<\/p>\n<p>Die Verarbeitung Ihrer Daten erfolgt auf Basis von gesetzlichen Regelungen. Nur in Ausnahmef\u00e4llen ben\u00f6tigen wir Ihr Einverst\u00e4ndnis. In diesen F\u00e4llen haben Sie das Recht, die Einwilligung f\u00fcr die zuk\u00fcnftige Verarbeitung zu widerrufen.<\/p>\n<p>Sie haben ferner das Recht, sich bei der zust\u00e4ndigen Aufsichtsbeh\u00f6rde f\u00fcr den Datenschutz zu beschweren, wenn Sie der Ansicht sind, dass die Verarbeitung Ihrer personenbezogenen Daten nicht rechtm\u00e4\u00dfig erfolgt.<\/p>\n<p>Die Anschrift der f\u00fcr uns zust\u00e4ndigen Aufsichtsbeh\u00f6rde lautet:<\/p>\n<p>Der Landesbeauftragte f\u00fcr den Datenschutz und die Informationsfreiheit,<br \/>\nPostfach 10 29 32, 70025 Stuttgart, Tel.: 0711\/615541-0, FAX:\u00a0 0711\/615541-15, E-Mail: poststelle@lfdi.bwl.de<\/p>\n<p>7. RECHTLICHE GRUNDLAGEN<\/p>\n<p>Rechtsgrundlage f\u00fcr die Verarbeitung Ihrer Daten ist Paragraf 22 Absatz 1 Nr. 1 lit. a, b, c und f) Bundesdatenschutzgesetz. Sollten Sie Fragen haben, k\u00f6nnen Sie sich gern an uns wenden.<\/p>\n<\/div><div class=\"fusion-clearfix\"><\/div>\n\n\t\t\t\t\t<\/div>\n\t\t\t\t<\/div><\/div><\/div>\n","protected":false},"excerpt":{"rendered":"","protected":false},"author":1,"featured_media":0,"parent":0,"menu_order":0,"comment_status":"closed","ping_status":"closed","template":"","meta":{"footnotes":""},"class_list":["post-47","page","type-page","status-publish","hentry"],"_links":{"self":[{"href":"https:\/\/www.tafel-rheinfelden.de\/index.php?rest_route=\/wp\/v2\/pages\/47","targetHints":{"allow":["GET"]}}],"collection":[{"href":"https:\/\/www.tafel-rheinfelden.de\/index.php?rest_route=\/wp\/v2\/pages"}],"about":[{"href":"https:\/\/www.tafel-rheinfelden.de\/index.php?rest_route=\/wp\/v2\/types\/page"}],"author":[{"embeddable":true,"href":"https:\/\/www.tafel-rheinfelden.de\/index.php?rest_route=\/wp\/v2\/users\/1"}],"replies":[{"embeddable":true,"href":"https:\/\/www.tafel-rheinfelden.de\/index.php?rest_route=%2Fwp%2Fv2%2Fcomments&post=47"}],"version-history":[{"count":10,"href":"https:\/\/www.tafel-rheinfelden.de\/index.php?rest_route=\/wp\/v2\/pages\/47\/revisions"}],"predecessor-version":[{"id":529,"href":"https:\/\/www.tafel-rheinfelden.de\/index.php?rest_route=\/wp\/v2\/pages\/47\/revisions\/529"}],"wp:attachment":[{"href":"https:\/\/www.tafel-rheinfelden.de\/index.php?rest_route=%2Fwp%2Fv2%2Fmedia&parent=47"}],"curies":[{"name":"wp","href":"https:\/\/api.w.org\/{rel}","templated":true}]}}